{"id":122,"date":"2013-12-15T19:47:50","date_gmt":"2013-12-15T17:47:50","guid":{"rendered":"http:\/\/westumfahrung.de\/?page_id=122"},"modified":"2021-03-31T10:04:15","modified_gmt":"2021-03-31T08:04:15","slug":"der-plan","status":"publish","type":"page","link":"http:\/\/westumfahrung.de\/?page_id=122","title":{"rendered":"Der Plan"},"content":{"rendered":"<p>Der Tunnel zur Westumfahrung Oberau wird derzeit gebaut. Die Vorarbeiten sind abgeschlossen und f\u00fcr Januar 2016 ist der Tunnelanschlag geplant.<\/p>\n<p>Informationen zum Neubau der Ortsumfahrung Oberau gibt es in der <a href=\"http:\/\/www.abdsb.bayern.de\/imperia\/md\/content\/stbv\/abdsb\/projekte\/bau\/b2_oberau_broschuere_web.pdf\" target=\"_blank\" rel=\"noopener\">Projektbrosch\u00fcre der Autobahndirektion S\u00fcdbayern.<\/a><\/p>\n<p>Die Autobahndirektion S\u00fcdbayern hat auch ein Video zur Planungsphase erstellen lassen:<\/p>\n<p><iframe loading=\"lazy\" src=\"https:\/\/player.vimeo.com\/video\/137552674?byline=0\" width=\"500\" height=\"281\" frameborder=\"0\" allowfullscreen=\"allowfullscreen\"><\/iframe><\/p>\n<p><a href=\"https:\/\/vimeo.com\/137552674\">Tunnelbau Oberau - Planungsphase<\/a> from <a href=\"https:\/\/vimeo.com\/abdsb\">Autobahndirektion S\u00fcdbayern<\/a> on <a href=\"https:\/\/vimeo.com\">Vimeo<\/a>.<\/p>\n<figure id=\"attachment_123\" aria-describedby=\"caption-attachment-123\" style=\"width: 300px\" class=\"wp-caption alignnone\"><a href=\"http:\/\/westumfahrung.de\/wp-content\/uploads\/2013\/12\/3403778875_d0c043bcfd_b.jpg\"><img loading=\"lazy\" decoding=\"async\" class=\"size-medium wp-image-123\" src=\"http:\/\/westumfahrung.de\/wp-content\/uploads\/2013\/12\/3403778875_d0c043bcfd_b-300x225.jpg\" alt=\"Plan S\u00fcdportal\" width=\"300\" height=\"225\" srcset=\"http:\/\/westumfahrung.de\/wp-content\/uploads\/2013\/12\/3403778875_d0c043bcfd_b-300x225.jpg 300w, http:\/\/westumfahrung.de\/wp-content\/uploads\/2013\/12\/3403778875_d0c043bcfd_b-624x468.jpg 624w, http:\/\/westumfahrung.de\/wp-content\/uploads\/2013\/12\/3403778875_d0c043bcfd_b-960x720.jpg 960w, http:\/\/westumfahrung.de\/wp-content\/uploads\/2013\/12\/3403778875_d0c043bcfd_b.jpg 1024w\" sizes=\"(max-width: 300px) 100vw, 300px\" \/><\/a><figcaption id=\"caption-attachment-123\" class=\"wp-caption-text\">Der Plan der s\u00fcdlichen Tunneleinfahrt zwischen Farchant und Oberau.<\/figcaption><\/figure>\n<figure id=\"attachment_124\" aria-describedby=\"caption-attachment-124\" style=\"width: 300px\" class=\"wp-caption alignnone\"><a href=\"http:\/\/westumfahrung.de\/wp-content\/uploads\/2013\/12\/3403781573_498622844f_b.jpg\"><img loading=\"lazy\" decoding=\"async\" class=\"size-medium wp-image-124\" src=\"http:\/\/westumfahrung.de\/wp-content\/uploads\/2013\/12\/3403781573_498622844f_b-300x225.jpg\" alt=\"Plan Nordportal\" width=\"300\" height=\"225\" srcset=\"http:\/\/westumfahrung.de\/wp-content\/uploads\/2013\/12\/3403781573_498622844f_b-300x225.jpg 300w, http:\/\/westumfahrung.de\/wp-content\/uploads\/2013\/12\/3403781573_498622844f_b-624x468.jpg 624w, http:\/\/westumfahrung.de\/wp-content\/uploads\/2013\/12\/3403781573_498622844f_b-960x720.jpg 960w, http:\/\/westumfahrung.de\/wp-content\/uploads\/2013\/12\/3403781573_498622844f_b.jpg 1024w\" sizes=\"(max-width: 300px) 100vw, 300px\" \/><\/a><figcaption id=\"caption-attachment-124\" class=\"wp-caption-text\">Der Plan zur n\u00f6rdlichen Zufahrt des Tunnels.<\/figcaption><\/figure>\n<figure id=\"attachment_125\" aria-describedby=\"caption-attachment-125\" style=\"width: 300px\" class=\"wp-caption alignnone\"><a href=\"http:\/\/westumfahrung.de\/wp-content\/uploads\/2013\/12\/9272966393_1ef39d78ed_b.jpg\"><img loading=\"lazy\" decoding=\"async\" class=\"size-medium wp-image-125\" src=\"http:\/\/westumfahrung.de\/wp-content\/uploads\/2013\/12\/9272966393_1ef39d78ed_b-300x200.jpg\" alt=\"Plan GPS\" width=\"300\" height=\"200\" srcset=\"http:\/\/westumfahrung.de\/wp-content\/uploads\/2013\/12\/9272966393_1ef39d78ed_b-300x200.jpg 300w, http:\/\/westumfahrung.de\/wp-content\/uploads\/2013\/12\/9272966393_1ef39d78ed_b-624x416.jpg 624w, http:\/\/westumfahrung.de\/wp-content\/uploads\/2013\/12\/9272966393_1ef39d78ed_b-960x640.jpg 960w, http:\/\/westumfahrung.de\/wp-content\/uploads\/2013\/12\/9272966393_1ef39d78ed_b.jpg 1024w\" sizes=\"(max-width: 300px) 100vw, 300px\" \/><\/a><figcaption id=\"caption-attachment-125\" class=\"wp-caption-text\">Der Plan der n\u00f6rdlichen Tunneleinfahrt auf dem GPS-Ger\u00e4t des Bauleiters zur Sanierung der Altlasten auf diesem Areal.<\/figcaption><\/figure>\n<figure id=\"attachment_126\" aria-describedby=\"caption-attachment-126\" style=\"width: 300px\" class=\"wp-caption alignnone\"><a href=\"http:\/\/westumfahrung.de\/wp-content\/uploads\/2013\/12\/Bildschirmfoto-2013-12-15-um-18.44.25.png\"><img loading=\"lazy\" decoding=\"async\" class=\"size-medium wp-image-126\" src=\"http:\/\/westumfahrung.de\/wp-content\/uploads\/2013\/12\/Bildschirmfoto-2013-12-15-um-18.44.25-300x269.png\" alt=\"\u00dcbersichtsplan Umfahrung Oberau\" width=\"300\" height=\"269\" srcset=\"http:\/\/westumfahrung.de\/wp-content\/uploads\/2013\/12\/Bildschirmfoto-2013-12-15-um-18.44.25-300x269.png 300w, http:\/\/westumfahrung.de\/wp-content\/uploads\/2013\/12\/Bildschirmfoto-2013-12-15-um-18.44.25.png 366w\" sizes=\"(max-width: 300px) 100vw, 300px\" \/><\/a><figcaption id=\"caption-attachment-126\" class=\"wp-caption-text\">Die \u00dcbersicht der Autobahndirektion S\u00fcdbayern zu den Planungen der Westumfahrung Oberau.<\/figcaption><\/figure>\n<p>Quelle: <a title=\"Projekt Umfahrung Oberau bei der Autobahndirektion S\u00fcdbayern\" href=\"http:\/\/www.abdsb.bayern.de\/imperia\/md\/content\/stbv\/abdsb\/projekte\/planung\/2011_10_06_b002n_eschenlohe_oberau.pdf\" target=\"_blank\" rel=\"noopener\">Autobahndirektion S\u00fcdbayern - Projekte<\/a><\/p>\n<p>&nbsp;<\/p>\n<p><strong>B23 - Anbindung an den Tunnel<\/strong><\/p>\n<p>Die B23, die von Oberau \u00fcber Ettal in Richtung Augsburg f\u00fchrt, wird momentan nicht aktiv geplant. Das ist schade und muss sich \u00e4ndern. Auch hier ist eine Entlastung f\u00fcr die zahlreichen Anlieger dringend notwendig.<\/p>\n<p>&nbsp;<\/p>\n<p>&nbsp;<\/p>\n","protected":false},"excerpt":{"rendered":"<p>Der Tunnel zur Westumfahrung Oberau wird derzeit gebaut. Die Vorarbeiten sind abgeschlossen und f\u00fcr Januar 2016 ist der Tunnelanschlag geplant. Informationen zum Neubau der Ortsumfahrung Oberau gibt es in der Projektbrosch\u00fcre der Autobahndirektion S\u00fcdbayern. Die Autobahndirektion S\u00fcdbayern hat auch ein Video zur Planungsphase erstellen lassen: Tunnelbau Oberau - Planungsphase from Autobahndirektion S\u00fcdbayern on Vimeo. Quelle: <a href=\"http:\/\/westumfahrung.de\/?page_id=122\" class=\"more-link\">...weiterlesen<span class=\"screen-reader-text\"> \"Der Plan\"<\/span><\/a><\/p>\n","protected":false},"author":1,"featured_media":0,"parent":0,"menu_order":0,"comment_status":"closed","ping_status":"open","template":"","meta":{"jetpack_post_was_ever_published":false,"footnotes":""},"jetpack_shortlink":"https:\/\/wp.me\/P3TQ1o-1Y","jetpack_sharing_enabled":true,"_links":{"self":[{"href":"http:\/\/westumfahrung.de\/index.php?rest_route=\/wp\/v2\/pages\/122"}],"collection":[{"href":"http:\/\/westumfahrung.de\/index.php?rest_route=\/wp\/v2\/pages"}],"about":[{"href":"http:\/\/westumfahrung.de\/index.php?rest_route=\/wp\/v2\/types\/page"}],"author":[{"embeddable":true,"href":"http:\/\/westumfahrung.de\/index.php?rest_route=\/wp\/v2\/users\/1"}],"replies":[{"embeddable":true,"href":"http:\/\/westumfahrung.de\/index.php?rest_route=%2Fwp%2Fv2%2Fcomments&post=122"}],"version-history":[{"count":5,"href":"http:\/\/westumfahrung.de\/index.php?rest_route=\/wp\/v2\/pages\/122\/revisions"}],"predecessor-version":[{"id":6689,"href":"http:\/\/westumfahrung.de\/index.php?rest_route=\/wp\/v2\/pages\/122\/revisions\/6689"}],"wp:attachment":[{"href":"http:\/\/westumfahrung.de\/index.php?rest_route=%2Fwp%2Fv2%2Fmedia&parent=122"}],"curies":[{"name":"wp","href":"https:\/\/api.w.org\/{rel}","templated":true}]}}