{"id":129,"date":"2013-12-15T20:09:51","date_gmt":"2013-12-15T18:09:51","guid":{"rendered":"http:\/\/westumfahrung.de\/?page_id=129"},"modified":"2021-03-31T10:04:40","modified_gmt":"2021-03-31T08:04:40","slug":"die-unterstuetzer","status":"publish","type":"page","link":"http:\/\/westumfahrung.de\/?page_id=129","title":{"rendered":"Die Unterst\u00fctzer"},"content":{"rendered":"<p>Der Kampf der VEO um die Westumfahrung Oberau findet zahlreiche Unterst\u00fctzer, sowohl in der Region als auch deutschlandweit.<\/p>\n<figure id=\"attachment_131\" aria-describedby=\"caption-attachment-131\" style=\"width: 300px\" class=\"wp-caption alignnone\"><a href=\"http:\/\/westumfahrung.de\/wp-content\/uploads\/2013\/12\/9290031023_5256550c8f_o1.jpg\"><img loading=\"lazy\" decoding=\"async\" class=\"size-medium wp-image-131\" alt=\"Alexander Dobrindt\" src=\"http:\/\/westumfahrung.de\/wp-content\/uploads\/2013\/12\/9290031023_5256550c8f_o1-300x199.jpg\" width=\"300\" height=\"199\" srcset=\"http:\/\/westumfahrung.de\/wp-content\/uploads\/2013\/12\/9290031023_5256550c8f_o1-300x199.jpg 300w, http:\/\/westumfahrung.de\/wp-content\/uploads\/2013\/12\/9290031023_5256550c8f_o1-624x415.jpg 624w, http:\/\/westumfahrung.de\/wp-content\/uploads\/2013\/12\/9290031023_5256550c8f_o1.jpg 800w\" sizes=\"(max-width: 300px) 100vw, 300px\" \/><\/a><figcaption id=\"caption-attachment-131\" class=\"wp-caption-text\">Bundestagsabgeordneter Alexander Dobrindt aus Pei\u00dfenberg unterst\u00fctzt den Kampf der Oberauer um ihre Umfahrung immer mit Nachdruck.<\/figcaption><\/figure>\n<figure id=\"attachment_132\" aria-describedby=\"caption-attachment-132\" style=\"width: 300px\" class=\"wp-caption alignnone\"><a href=\"http:\/\/westumfahrung.de\/wp-content\/uploads\/2013\/12\/8111774276_5843b68f1d_c.jpg\"><img loading=\"lazy\" decoding=\"async\" class=\"size-medium wp-image-132\" alt=\"Magdalena Neuner und Anna W\u00f6rner\" src=\"http:\/\/westumfahrung.de\/wp-content\/uploads\/2013\/12\/8111774276_5843b68f1d_c-300x200.jpg\" width=\"300\" height=\"200\" srcset=\"http:\/\/westumfahrung.de\/wp-content\/uploads\/2013\/12\/8111774276_5843b68f1d_c-300x200.jpg 300w, http:\/\/westumfahrung.de\/wp-content\/uploads\/2013\/12\/8111774276_5843b68f1d_c-624x416.jpg 624w, http:\/\/westumfahrung.de\/wp-content\/uploads\/2013\/12\/8111774276_5843b68f1d_c.jpg 800w\" sizes=\"(max-width: 300px) 100vw, 300px\" \/><\/a><figcaption id=\"caption-attachment-132\" class=\"wp-caption-text\">Die Sportlerinnen Magdalena Neuner und Anna W\u00f6rner unterst\u00fctzen die VEO aktiv.<\/figcaption><\/figure>\n<figure id=\"attachment_133\" aria-describedby=\"caption-attachment-133\" style=\"width: 300px\" class=\"wp-caption alignnone\"><a href=\"http:\/\/westumfahrung.de\/wp-content\/uploads\/2013\/12\/2959010444_0770aca2fd_b.jpg\"><img loading=\"lazy\" decoding=\"async\" class=\"size-medium wp-image-133\" alt=\"Klaus Barthel\" src=\"http:\/\/westumfahrung.de\/wp-content\/uploads\/2013\/12\/2959010444_0770aca2fd_b-300x225.jpg\" width=\"300\" height=\"225\" srcset=\"http:\/\/westumfahrung.de\/wp-content\/uploads\/2013\/12\/2959010444_0770aca2fd_b-300x225.jpg 300w, http:\/\/westumfahrung.de\/wp-content\/uploads\/2013\/12\/2959010444_0770aca2fd_b-624x468.jpg 624w, http:\/\/westumfahrung.de\/wp-content\/uploads\/2013\/12\/2959010444_0770aca2fd_b-960x720.jpg 960w, http:\/\/westumfahrung.de\/wp-content\/uploads\/2013\/12\/2959010444_0770aca2fd_b.jpg 1024w\" sizes=\"(max-width: 300px) 100vw, 300px\" \/><\/a><figcaption id=\"caption-attachment-133\" class=\"wp-caption-text\">Bundestagsabgeordneter Klaus Barthel aus Kochel am See unterst\u00fctzt die VEO seit Beginn ihrer Aktivit\u00e4ten.<\/figcaption><\/figure>\n<figure id=\"attachment_134\" aria-describedby=\"caption-attachment-134\" style=\"width: 300px\" class=\"wp-caption alignnone\"><a href=\"http:\/\/westumfahrung.de\/wp-content\/uploads\/2013\/12\/9292723382_d525b4288f_b.jpg\"><img loading=\"lazy\" decoding=\"async\" class=\"size-medium wp-image-134\" alt=\"Florian Streibl\" src=\"http:\/\/westumfahrung.de\/wp-content\/uploads\/2013\/12\/9292723382_d525b4288f_b-300x200.jpg\" width=\"300\" height=\"200\" srcset=\"http:\/\/westumfahrung.de\/wp-content\/uploads\/2013\/12\/9292723382_d525b4288f_b-300x200.jpg 300w, http:\/\/westumfahrung.de\/wp-content\/uploads\/2013\/12\/9292723382_d525b4288f_b-624x416.jpg 624w, http:\/\/westumfahrung.de\/wp-content\/uploads\/2013\/12\/9292723382_d525b4288f_b-960x640.jpg 960w, http:\/\/westumfahrung.de\/wp-content\/uploads\/2013\/12\/9292723382_d525b4288f_b.jpg 1024w\" sizes=\"(max-width: 300px) 100vw, 300px\" \/><\/a><figcaption id=\"caption-attachment-134\" class=\"wp-caption-text\">Landtagsabgeordneter Florian Streibl aus Oberammergau unterst\u00fctzt die VEO.<\/figcaption><\/figure>\n<figure id=\"attachment_135\" aria-describedby=\"caption-attachment-135\" style=\"width: 300px\" class=\"wp-caption alignnone\"><a href=\"http:\/\/westumfahrung.de\/wp-content\/uploads\/2013\/12\/9290048259_5f62108899_b.jpg\"><img loading=\"lazy\" decoding=\"async\" class=\"size-medium wp-image-135\" alt=\"Harald K\u00fchn\" src=\"http:\/\/westumfahrung.de\/wp-content\/uploads\/2013\/12\/9290048259_5f62108899_b-300x199.jpg\" width=\"300\" height=\"199\" srcset=\"http:\/\/westumfahrung.de\/wp-content\/uploads\/2013\/12\/9290048259_5f62108899_b-300x199.jpg 300w, http:\/\/westumfahrung.de\/wp-content\/uploads\/2013\/12\/9290048259_5f62108899_b-624x415.jpg 624w, http:\/\/westumfahrung.de\/wp-content\/uploads\/2013\/12\/9290048259_5f62108899_b-960x639.jpg 960w, http:\/\/westumfahrung.de\/wp-content\/uploads\/2013\/12\/9290048259_5f62108899_b.jpg 1024w\" sizes=\"(max-width: 300px) 100vw, 300px\" \/><\/a><figcaption id=\"caption-attachment-135\" class=\"wp-caption-text\">Harald K\u00fchn, ehemaliger Landrat und jetzt Landtagsabgeordneter, unterst\u00fctzt die Oberauer.<\/figcaption><\/figure>\n<figure id=\"attachment_136\" aria-describedby=\"caption-attachment-136\" style=\"width: 300px\" class=\"wp-caption alignnone\"><a href=\"http:\/\/westumfahrung.de\/wp-content\/uploads\/2013\/12\/9292814860_37912a7d8f_b.jpg\"><img loading=\"lazy\" decoding=\"async\" class=\"size-medium wp-image-136\" alt=\"Die B\u00fcrger von Oberau\" src=\"http:\/\/westumfahrung.de\/wp-content\/uploads\/2013\/12\/9292814860_37912a7d8f_b-300x199.jpg\" width=\"300\" height=\"199\" srcset=\"http:\/\/westumfahrung.de\/wp-content\/uploads\/2013\/12\/9292814860_37912a7d8f_b-300x199.jpg 300w, http:\/\/westumfahrung.de\/wp-content\/uploads\/2013\/12\/9292814860_37912a7d8f_b-624x415.jpg 624w, http:\/\/westumfahrung.de\/wp-content\/uploads\/2013\/12\/9292814860_37912a7d8f_b-960x639.jpg 960w, http:\/\/westumfahrung.de\/wp-content\/uploads\/2013\/12\/9292814860_37912a7d8f_b.jpg 1024w\" sizes=\"(max-width: 300px) 100vw, 300px\" \/><\/a><figcaption id=\"caption-attachment-136\" class=\"wp-caption-text\">Ohne sie gebe es keine VEO. Die B\u00fcrger von Oberau. Sie unterst\u00fctzen ihre B\u00fcrgerinitiative immer wieder aufs Neue. Sie kommen, wenn die VEO ruft. Zu hunderten. Bei Badewetter. Bei Regen. Ohne den R\u00fcckhalt aus der Bev\u00f6lkerung w\u00e4re es f\u00fcr die VEO schwierig, diesen langwierigen Kampf zu f\u00fchren.<\/figcaption><\/figure>\n<p>Die Liste wird weiter gef\u00fchrt und ist noch lange nicht vollst\u00e4ndig.<\/p>\n<p>&nbsp;<\/p>\n<p>&nbsp;<\/p>\n<p>&nbsp;<\/p>\n<p>&nbsp;<\/p>\n","protected":false},"excerpt":{"rendered":"<p>Der Kampf der VEO um die Westumfahrung Oberau findet zahlreiche Unterst\u00fctzer, sowohl in der Region als auch deutschlandweit. Die Liste wird weiter gef\u00fchrt und ist noch lange nicht vollst\u00e4ndig. &nbsp; &nbsp; &nbsp; &nbsp;<\/p>\n","protected":false},"author":1,"featured_media":0,"parent":0,"menu_order":0,"comment_status":"closed","ping_status":"open","template":"","meta":{"jetpack_post_was_ever_published":false,"footnotes":""},"jetpack_shortlink":"https:\/\/wp.me\/P3TQ1o-25","jetpack_sharing_enabled":true,"_links":{"self":[{"href":"http:\/\/westumfahrung.de\/index.php?rest_route=\/wp\/v2\/pages\/129"}],"collection":[{"href":"http:\/\/westumfahrung.de\/index.php?rest_route=\/wp\/v2\/pages"}],"about":[{"href":"http:\/\/westumfahrung.de\/index.php?rest_route=\/wp\/v2\/types\/page"}],"author":[{"embeddable":true,"href":"http:\/\/westumfahrung.de\/index.php?rest_route=\/wp\/v2\/users\/1"}],"replies":[{"embeddable":true,"href":"http:\/\/westumfahrung.de\/index.php?rest_route=%2Fwp%2Fv2%2Fcomments&post=129"}],"version-history":[{"count":2,"href":"http:\/\/westumfahrung.de\/index.php?rest_route=\/wp\/v2\/pages\/129\/revisions"}],"predecessor-version":[{"id":6690,"href":"http:\/\/westumfahrung.de\/index.php?rest_route=\/wp\/v2\/pages\/129\/revisions\/6690"}],"wp:attachment":[{"href":"http:\/\/westumfahrung.de\/index.php?rest_route=%2Fwp%2Fv2%2Fmedia&parent=129"}],"curies":[{"name":"wp","href":"https:\/\/api.w.org\/{rel}","templated":true}]}}